{"id":97,"date":"2024-03-31T18:34:41","date_gmt":"2024-03-31T16:34:41","guid":{"rendered":"https:\/\/yoganomade.net\/?page_id=97"},"modified":"2024-09-13T14:36:58","modified_gmt":"2024-09-13T12:36:58","slug":"tarifs","status":"publish","type":"page","link":"https:\/\/yoganomade.net\/index.php\/tarifs\/","title":{"rendered":"Tarifs"},"content":{"rendered":"\n<p><strong>S\u00e9ance<\/strong> \u00e0 l&rsquo;unit\u00e9: 15\u20ac<\/p>\n\n\n\n<p>Carte de <strong>10 s\u00e9ances<\/strong>: 130\u20ac<\/p>\n\n\n\n<p>Carte de <strong>20 s\u00e9ances<\/strong>: 200\u20ac<\/p>\n\n\n\n<p><strong>Abonnement annuel:<\/strong><\/p>\n\n\n\n<p>1 cours \/semaine ( 35 cours \/an) : 259\u20ac<\/p>\n\n\n\n<p>2\u00e8me cours \/ semaine : + 129,5\u20ac<\/p>\n\n\n\n<p>3\u00e8me cours \/semaine: +129,5\u20ac<\/p>\n\n\n\n<p><strong>Abonnement annuel Saverne:<\/strong><\/p>\n\n\n\n<p>1 cours\/semaine ( 35 cours \/an): 298\u20ac<\/p>\n\n\n\n<p><strong>Cotisation annuelle \u00e0 l&rsquo;association : <\/strong>18\u20ac<\/p>\n\n\n\n<p>Paiement par ch\u00e8que ou virement FR76 3008 7330  8100 0201 5810 135<\/p>\n\n\n\n<p>BIC: CMCIFRPP<\/p>\n\n\n\n<p><em>Afin de faciliter l&rsquo;acc\u00e8s aux activit\u00e9s pour les personnes isol\u00e9es \u00e0 faibles ressources, l&rsquo;association offre un tarif r\u00e9duit sur toutes les activit\u00e9s ( -20%) sur pr\u00e9sentation de la fiche d&rsquo;imposition.<\/em><\/p>\n","protected":false},"excerpt":{"rendered":"<p>S\u00e9ance \u00e0 l&rsquo;unit\u00e9: 15\u20ac Carte de 10 s\u00e9ances: 130\u20ac Carte de 20 s\u00e9ances: 200\u20ac Abonnement annuel: 1 cours \/semaine ( 35 cours \/an) : 259\u20ac 2\u00e8me cours \/ semaine : + 129,5\u20ac 3\u00e8me cours \/semaine: +129,5\u20ac Abonnement annuel Saverne: 1 cours\/semaine ( 35 cours \/an): 298\u20ac Cotisation annuelle \u00e0 l&rsquo;association : 18\u20ac Paiement par ch\u00e8que &hellip; <\/p>\n<p class=\"link-more\"><a href=\"https:\/\/yoganomade.net\/index.php\/tarifs\/\" class=\"more-link\">Lire la suite de<span class=\"screen-reader-text\">\u00ab\u00a0Tarifs\u00a0\u00bb<\/span><\/a><\/p>\n","protected":false},"author":1,"featured_media":0,"parent":0,"menu_order":0,"comment_status":"closed","ping_status":"closed","template":"","meta":{"footnotes":""},"class_list":["post-97","page","type-page","status-publish","hentry"],"_links":{"self":[{"href":"https:\/\/yoganomade.net\/index.php\/wp-json\/wp\/v2\/pages\/97","targetHints":{"allow":["GET"]}}],"collection":[{"href":"https:\/\/yoganomade.net\/index.php\/wp-json\/wp\/v2\/pages"}],"about":[{"href":"https:\/\/yoganomade.net\/index.php\/wp-json\/wp\/v2\/types\/page"}],"author":[{"embeddable":true,"href":"https:\/\/yoganomade.net\/index.php\/wp-json\/wp\/v2\/users\/1"}],"replies":[{"embeddable":true,"href":"https:\/\/yoganomade.net\/index.php\/wp-json\/wp\/v2\/comments?post=97"}],"version-history":[{"count":12,"href":"https:\/\/yoganomade.net\/index.php\/wp-json\/wp\/v2\/pages\/97\/revisions"}],"predecessor-version":[{"id":626,"href":"https:\/\/yoganomade.net\/index.php\/wp-json\/wp\/v2\/pages\/97\/revisions\/626"}],"wp:attachment":[{"href":"https:\/\/yoganomade.net\/index.php\/wp-json\/wp\/v2\/media?parent=97"}],"curies":[{"name":"wp","href":"https:\/\/api.w.org\/{rel}","templated":true}]}}