{"id":92,"date":"2024-03-31T18:25:15","date_gmt":"2024-03-31T16:25:15","guid":{"rendered":"https:\/\/yoganomade.net\/?page_id=92"},"modified":"2025-09-12T09:25:50","modified_gmt":"2025-09-12T07:25:50","slug":"planning-des-cours","status":"publish","type":"page","link":"https:\/\/yoganomade.net\/index.php\/planning-des-cours\/","title":{"rendered":"Planning des cours"},"content":{"rendered":"\n<p>1\ufe0f\u20e3-&gt; Lundi 12h30 \u00e0 13h30:<\/p>\n\n\n\n<p><strong>YIN YOGA <\/strong>\u00e0 Pfaffenhoffen ( sur r\u00e9servation uniquement)<\/p>\n\n\n\n<p>2\ufe0f\u20e3-&gt; Lundi 19h30 \u00e0 20h30:<\/p>\n\n\n\n<p><strong>YOGA VINYASA<\/strong> \u00e0 Niedermodern<\/p>\n\n\n\n<p>3\ufe0f\u20e3-&gt; Mardi 18h30 \u00e0 19h30:<\/p>\n\n\n\n<p><strong>YOGA POUR TOUS<\/strong> \u00e0 Niedermodern <\/p>\n\n\n\n<p>4\ufe0f\u20e3-&gt; Jeudi 10h30 \u00e0 11h30:<\/p>\n\n\n\n<p><strong>YOGA POUR TOUS<\/strong> \u00e0 Schillersdorf <\/p>\n\n\n\n<p>5\ufe0f\u20e3-&gt; Jeudi 16h \u00e0 17h:<\/p>\n\n\n\n<p><strong>YOGA DOUX<\/strong> \u00e0 Pfaffenhoffen <\/p>\n\n\n\n<p>6\ufe0f\u20e3-&gt; Vendredi 19h \u00e0 20h:<\/p>\n\n\n\n<p><strong>YOGA VINYASA <\/strong>\u00e0 Saverne <\/p>\n\n\n\n<p>7\ufe0f\u20e3-&gt;<strong>YOGA DANSE<\/strong> selon calendrier <em>(annonc\u00e9 sur instagram ChrisFitYoga)<\/em><\/p>\n\n\n\n<figure class=\"wp-block-image size-large\"><img loading=\"lazy\" decoding=\"async\" width=\"791\" height=\"1024\" src=\"https:\/\/yoganomade.net\/wp-content\/uploads\/2025\/09\/Calendrier-yoga-2526-791x1024.jpg\" alt=\"\" class=\"wp-image-1066\" srcset=\"https:\/\/yoganomade.net\/wp-content\/uploads\/2025\/09\/Calendrier-yoga-2526-791x1024.jpg 791w, https:\/\/yoganomade.net\/wp-content\/uploads\/2025\/09\/Calendrier-yoga-2526-232x300.jpg 232w, https:\/\/yoganomade.net\/wp-content\/uploads\/2025\/09\/Calendrier-yoga-2526.jpg 1545w\" sizes=\"auto, (max-width: 791px) 100vw, 791px\" \/><\/figure>\n","protected":false},"excerpt":{"rendered":"<p>1\ufe0f\u20e3-&gt; Lundi 12h30 \u00e0 13h30: YIN YOGA \u00e0 Pfaffenhoffen ( sur r\u00e9servation uniquement) 2\ufe0f\u20e3-&gt; Lundi 19h30 \u00e0 20h30: YOGA VINYASA \u00e0 Niedermodern 3\ufe0f\u20e3-&gt; Mardi 18h30 \u00e0 19h30: YOGA POUR TOUS \u00e0 Niedermodern 4\ufe0f\u20e3-&gt; Jeudi 10h30 \u00e0 11h30: YOGA POUR TOUS \u00e0 Schillersdorf 5\ufe0f\u20e3-&gt; Jeudi 16h \u00e0 17h: YOGA DOUX \u00e0 Pfaffenhoffen 6\ufe0f\u20e3-&gt; Vendredi 19h \u00e0 &hellip; <\/p>\n<p class=\"link-more\"><a href=\"https:\/\/yoganomade.net\/index.php\/planning-des-cours\/\" class=\"more-link\">Lire la suite de<span class=\"screen-reader-text\">\u00ab\u00a0Planning des cours\u00a0\u00bb<\/span><\/a><\/p>\n","protected":false},"author":1,"featured_media":0,"parent":0,"menu_order":0,"comment_status":"closed","ping_status":"closed","template":"","meta":{"footnotes":""},"class_list":["post-92","page","type-page","status-publish","hentry"],"_links":{"self":[{"href":"https:\/\/yoganomade.net\/index.php\/wp-json\/wp\/v2\/pages\/92","targetHints":{"allow":["GET"]}}],"collection":[{"href":"https:\/\/yoganomade.net\/index.php\/wp-json\/wp\/v2\/pages"}],"about":[{"href":"https:\/\/yoganomade.net\/index.php\/wp-json\/wp\/v2\/types\/page"}],"author":[{"embeddable":true,"href":"https:\/\/yoganomade.net\/index.php\/wp-json\/wp\/v2\/users\/1"}],"replies":[{"embeddable":true,"href":"https:\/\/yoganomade.net\/index.php\/wp-json\/wp\/v2\/comments?post=92"}],"version-history":[{"count":18,"href":"https:\/\/yoganomade.net\/index.php\/wp-json\/wp\/v2\/pages\/92\/revisions"}],"predecessor-version":[{"id":1067,"href":"https:\/\/yoganomade.net\/index.php\/wp-json\/wp\/v2\/pages\/92\/revisions\/1067"}],"wp:attachment":[{"href":"https:\/\/yoganomade.net\/index.php\/wp-json\/wp\/v2\/media?parent=92"}],"curies":[{"name":"wp","href":"https:\/\/api.w.org\/{rel}","templated":true}]}}