{"id":2,"date":"2024-03-31T15:23:22","date_gmt":"2024-03-31T13:23:22","guid":{"rendered":"http:\/\/yoganomade.net\/?page_id=2"},"modified":"2024-10-24T19:50:25","modified_gmt":"2024-10-24T17:50:25","slug":"accueil","status":"publish","type":"page","link":"https:\/\/yoganomade.net\/","title":{"rendered":"Accueil"},"content":{"rendered":"\n<p><strong><em>Bonjour\u00a0\ud83d\ude42 je m&rsquo;appelle Chris, je suis professeure de Yoga certifi\u00e9e 500 heures et vous propose des cours, des ateliers et des \u00e9v\u00e9nements en int\u00e9rieur et \u00e9galement en pleine nature. J&rsquo;ai acquis mon exp\u00e9rience au fil des ann\u00e9es dans diff\u00e9rents pays, dont l&rsquo;Inde. J&rsquo;aime partager mes univers zen, intenses et vibratoires dans la joie.<\/em><\/strong>\u2728<\/p>\n\n\n\n<figure class=\"wp-block-image aligncenter size-full is-resized\"><img loading=\"lazy\" decoding=\"async\" width=\"750\" height=\"926\" src=\"http:\/\/yoganomade.net\/wp-content\/uploads\/2024\/03\/IMG_1805-2.jpg\" alt=\"yoga teacher\" class=\"wp-image-54\" style=\"width:279px;height:auto\" srcset=\"https:\/\/yoganomade.net\/wp-content\/uploads\/2024\/03\/IMG_1805-2.jpg 750w, https:\/\/yoganomade.net\/wp-content\/uploads\/2024\/03\/IMG_1805-2-243x300.jpg 243w\" sizes=\"auto, (max-width: 750px) 100vw, 750px\" \/><\/figure>\n\n\n\n<p><em>YogaNomade fait partie de l\u2019association Family fitness. Celle-ci a pour mission de rendre accessible les activit\u00e9s de qualit\u00e9 pour : &#8211; tous les budgets &#8211; toutes les conditions physiques &#8211; toutes les familles &#8211; dans de petites et moyennes communes rurales. &nbsp;<\/em><\/p>\n\n\n\n<p><\/p>\n","protected":false},"excerpt":{"rendered":"<p>Bonjour\u00a0\ud83d\ude42 je m&rsquo;appelle Chris, je suis professeure de Yoga certifi\u00e9e 500 heures et vous propose des cours, des ateliers et des \u00e9v\u00e9nements en int\u00e9rieur et \u00e9galement en pleine nature. J&rsquo;ai acquis mon exp\u00e9rience au fil des ann\u00e9es dans diff\u00e9rents pays, dont l&rsquo;Inde. J&rsquo;aime partager mes univers zen, intenses et vibratoires dans la joie.\u2728 YogaNomade fait &hellip; <\/p>\n<p class=\"link-more\"><a href=\"https:\/\/yoganomade.net\/\" class=\"more-link\">Lire la suite de<span class=\"screen-reader-text\">\u00ab\u00a0Accueil\u00a0\u00bb<\/span><\/a><\/p>\n","protected":false},"author":1,"featured_media":0,"parent":0,"menu_order":0,"comment_status":"closed","ping_status":"closed","template":"","meta":{"footnotes":""},"class_list":["post-2","page","type-page","status-publish","hentry"],"_links":{"self":[{"href":"https:\/\/yoganomade.net\/index.php\/wp-json\/wp\/v2\/pages\/2","targetHints":{"allow":["GET"]}}],"collection":[{"href":"https:\/\/yoganomade.net\/index.php\/wp-json\/wp\/v2\/pages"}],"about":[{"href":"https:\/\/yoganomade.net\/index.php\/wp-json\/wp\/v2\/types\/page"}],"author":[{"embeddable":true,"href":"https:\/\/yoganomade.net\/index.php\/wp-json\/wp\/v2\/users\/1"}],"replies":[{"embeddable":true,"href":"https:\/\/yoganomade.net\/index.php\/wp-json\/wp\/v2\/comments?post=2"}],"version-history":[{"count":50,"href":"https:\/\/yoganomade.net\/index.php\/wp-json\/wp\/v2\/pages\/2\/revisions"}],"predecessor-version":[{"id":691,"href":"https:\/\/yoganomade.net\/index.php\/wp-json\/wp\/v2\/pages\/2\/revisions\/691"}],"wp:attachment":[{"href":"https:\/\/yoganomade.net\/index.php\/wp-json\/wp\/v2\/media?parent=2"}],"curies":[{"name":"wp","href":"https:\/\/api.w.org\/{rel}","templated":true}]}}