{"id":129,"date":"2024-03-31T18:57:34","date_gmt":"2024-03-31T16:57:34","guid":{"rendered":"https:\/\/yoganomade.net\/?page_id=129"},"modified":"2024-11-10T20:33:47","modified_gmt":"2024-11-10T19:33:47","slug":"les-differents-types-de-cours","status":"publish","type":"page","link":"https:\/\/yoganomade.net\/index.php\/les-differents-types-de-cours\/","title":{"rendered":"Les diff\u00e9rents cours"},"content":{"rendered":"\n<p style=\"font-style:normal;font-weight:700\"><\/p>\n\n\n\n<figure class=\"wp-block-image size-large is-resized\"><img loading=\"lazy\" decoding=\"async\" width=\"1024\" height=\"576\" src=\"https:\/\/yoganomade.net\/wp-content\/uploads\/2024\/10\/ASTHANGA-1024x576.jpg\" alt=\"\" class=\"wp-image-655\" style=\"width:346px;height:auto\" srcset=\"https:\/\/yoganomade.net\/wp-content\/uploads\/2024\/10\/ASTHANGA-1024x576.jpg 1024w, https:\/\/yoganomade.net\/wp-content\/uploads\/2024\/10\/ASTHANGA-300x169.jpg 300w, https:\/\/yoganomade.net\/wp-content\/uploads\/2024\/10\/ASTHANGA.jpg 1334w\" sizes=\"auto, (max-width: 1024px) 100vw, 1024px\" \/><\/figure>\n\n\n\n<p><strong>ASTHANGA YOGA<\/strong><span style=\"font-family: -webkit-standard; font-size: medium; white-space: normal;\">\u00a0est un style de yoga structur\u00e9 et rigoureux qui suit une s\u00e9rie de postures sp\u00e9cifiques, pratiqu\u00e9es dans un ordre pr\u00e9cis. <\/span><br><span style=\"font-family: -webkit-standard; font-size: medium; white-space: normal;\">Le terme <em>\u00ab\u00a0Ashtanga\u00a0\u00bb<\/em> signifie <em>\u00ab\u00a0huit membres\u00a0\u00bb<\/em> en sanskrit, faisant r\u00e9f\u00e9rence aux huit aspects du yoga d\u00e9crits dans les Yoga Sutras de Patanjali. L&rsquo;Ashtanga se compose de poses dynamiques et de transitions fluides effectu\u00e9es en synchronisation avec la respiration <em>(ujjayi pranayama)<\/em>. <\/span><br><span style=\"font-family: -webkit-standard; font-size: medium; white-space: normal;\">Ce style est connu pour sa nature physique exigeante et est pratiqu\u00e9 de mani\u00e8re traditionnelle, avec des s\u00e9ries qui permettent aux pratiquants de d\u00e9velopper leur force, leur flexibilit\u00e9 et leur concentration.<\/span><\/p>\n\n\n\n<p><br><\/p>\n\n\n\n<figure class=\"wp-block-image size-large is-resized\"><img loading=\"lazy\" decoding=\"async\" width=\"1024\" height=\"576\" src=\"http:\/\/yoganomade.net\/wp-content\/uploads\/2024\/10\/VINYASA-1024x576.jpg\" alt=\"\" class=\"wp-image-658\" style=\"width:350px;height:auto\" srcset=\"https:\/\/yoganomade.net\/wp-content\/uploads\/2024\/10\/VINYASA-1024x576.jpg 1024w, https:\/\/yoganomade.net\/wp-content\/uploads\/2024\/10\/VINYASA-300x169.jpg 300w, https:\/\/yoganomade.net\/wp-content\/uploads\/2024\/10\/VINYASA.jpg 1334w\" sizes=\"auto, (max-width: 1024px) 100vw, 1024px\" \/><\/figure>\n\n\n\n<p><strong>LE YOGA VINYASA<\/strong> <span style=\"font-family: -webkit-standard; font-size: medium; white-space: normal;\">est un style de yoga dynamique qui synchronise le mouvement avec la respiration. <\/span><br><span style=\"font-family: -webkit-standard; font-size: medium; white-space: normal;\">Les pratiquants passent d&rsquo;une posture \u00e0 l&rsquo;autre de mani\u00e8re fluide, cr\u00e9ant un \u00ab\u00a0flux\u00a0\u00bb continu.<\/span><br><span style=\"font-family: -webkit-standard; font-size: medium; white-space: normal;\">Le terme <em>\u00ab\u00a0Vinyasa\u00a0\u00bb<\/em> signifie \u00ab\u00a0placer d&rsquo;une mani\u00e8re sp\u00e9cifique\u00a0\u00bb, ce qui refl\u00e8te l&rsquo;importance de l&rsquo;alignement et de la s\u00e9quence des postures. Les cours de Vinyasa mettent l&rsquo;accent sur la fluidit\u00e9 et la coordination. Ce type de yoga est un bon moyen de d\u00e9velopper la force cardiovasculaire et la conscience corporelle.<\/span><\/p>\n\n\n\n<p><br><\/p>\n\n\n\n<figure class=\"wp-block-image size-large is-resized\"><img loading=\"lazy\" decoding=\"async\" width=\"1024\" height=\"576\" src=\"http:\/\/yoganomade.net\/wp-content\/uploads\/2024\/10\/Hatha-1024x576.jpg\" alt=\"\" class=\"wp-image-657\" style=\"width:340px;height:auto\" srcset=\"https:\/\/yoganomade.net\/wp-content\/uploads\/2024\/10\/Hatha-1024x576.jpg 1024w, https:\/\/yoganomade.net\/wp-content\/uploads\/2024\/10\/Hatha-300x169.jpg 300w, https:\/\/yoganomade.net\/wp-content\/uploads\/2024\/10\/Hatha.jpg 1334w\" sizes=\"auto, (max-width: 1024px) 100vw, 1024px\" \/><\/figure>\n\n\n\n<p><strong>LE YOGA POUR TOUS<\/strong> <span style=\"font-family: -webkit-standard; font-size: medium; white-space: normal;\">est une approche inclusive du yoga qui vise \u00e0 rendre cette pratique accessible \u00e0 un large \u00e9ventail de personnes, ind\u00e9pendamment de leur condition physique, de leur niveau d&rsquo;exp\u00e9rience ou de leurs capacit\u00e9s. Cela inclut des adaptations et des modifications des postures pour r\u00e9pondre aux besoins individuels. <\/span><br><span style=\"font-family: -webkit-standard; font-size: medium; white-space: normal;\">L&rsquo;objectif est de promouvoir le bien-\u00eatre physique, mental et \u00e9motionnel, en permettant \u00e0 chacun de b\u00e9n\u00e9ficier des avantages du yoga dans un environnement accueillant et sans jugement. Cette approche favorise la diversit\u00e9 et encourage la pratique personnelle, respectant le rythme et les limites de chacun.<\/span><br><br><\/p>\n\n\n\n<figure class=\"wp-block-image size-large is-resized\"><img loading=\"lazy\" decoding=\"async\" width=\"1024\" height=\"576\" src=\"http:\/\/yoganomade.net\/wp-content\/uploads\/2024\/10\/YOGA-POUR-TOUS-1024x576.jpg\" alt=\"\" class=\"wp-image-660\" style=\"width:340px;height:auto\" srcset=\"https:\/\/yoganomade.net\/wp-content\/uploads\/2024\/10\/YOGA-POUR-TOUS-1024x576.jpg 1024w, https:\/\/yoganomade.net\/wp-content\/uploads\/2024\/10\/YOGA-POUR-TOUS-300x169.jpg 300w, https:\/\/yoganomade.net\/wp-content\/uploads\/2024\/10\/YOGA-POUR-TOUS.jpg 1334w\" sizes=\"auto, (max-width: 1024px) 100vw, 1024px\" \/><\/figure>\n\n\n\n<p><strong>LE YOGA DOUX<\/strong> <span style=\"font-family: -webkit-standard; font-size: medium; white-space: normal;\">est une approche accessible et relaxante du yoga. Il se concentre sur des postures simples et douces. Ce type de yoga met l&rsquo;accent sur des mouvements doux et l&rsquo;alignement du corps, soulageant ainsi un corps tendu et douloureux. Les cours de yoga doux conviennent particuli\u00e8rement aux d\u00e9butants ou \u00e0 ceux qui se remettent d&rsquo;une blessure.<\/span><\/p>\n\n\n\n<p><br><\/p>\n\n\n\n<figure class=\"wp-block-image size-large is-resized\"><img loading=\"lazy\" decoding=\"async\" width=\"1024\" height=\"576\" src=\"http:\/\/yoganomade.net\/wp-content\/uploads\/2024\/10\/YIN-YOGA-1024x576.jpg\" alt=\"\" class=\"wp-image-659\" style=\"width:352px;height:auto\" srcset=\"https:\/\/yoganomade.net\/wp-content\/uploads\/2024\/10\/YIN-YOGA-1024x576.jpg 1024w, https:\/\/yoganomade.net\/wp-content\/uploads\/2024\/10\/YIN-YOGA-300x169.jpg 300w, https:\/\/yoganomade.net\/wp-content\/uploads\/2024\/10\/YIN-YOGA.jpg 1334w\" sizes=\"auto, (max-width: 1024px) 100vw, 1024px\" \/><\/figure>\n\n\n\n<p><strong><strong>LE YIN YOGA<\/strong><\/strong> <span style=\"font-family: -webkit-standard; font-size: medium; white-space: normal;\">est\u00a0est une pratique qui combine des \u00e9l\u00e9ments de yoga et de danse, cr\u00e9ant une exp\u00e9rience holistique et dynamique. Elle int\u00e8gre des postures de yoga, des mouvements fluides et des techniques de respiration synchronis\u00e9es avec la musique. Cette discipline vise \u00e0 harmoniser le corps et l&rsquo;esprit, \u00e0 d\u00e9velopper la flexibilit\u00e9, la force et la conscience corporelle, tout en permettant une expression artistique et \u00e9motionnelle.\u00a0Le YogaDanse offre une exp\u00e9rience unique pleine de cr\u00e9ativit\u00e9.une pratique plus sp\u00e9cifique qui se concentre sur l&rsquo;\u00e9tirement des tissus conjonctifs profonds, tels que les ligaments, les tendons et le fascia. Les postures sont g\u00e9n\u00e9ralement maintenues pendant plusieurs minutes pour permettre un rel\u00e2chement profond. Le yin yoga est souvent consid\u00e9r\u00e9 comme une pratique m\u00e9ditative, car il encourage la patience et la pr\u00e9sence dans l&rsquo;instant. <\/span><br><span style=\"font-family: -webkit-standard; font-size: medium; white-space: normal;\">Il est b\u00e9n\u00e9fique pour am\u00e9liorer la flexibilit\u00e9, la circulation et la relaxation profonde.<\/span><\/p>\n\n\n\n<p><br><\/p>\n\n\n\n<figure class=\"wp-block-image size-large is-resized\"><img loading=\"lazy\" decoding=\"async\" width=\"1024\" height=\"576\" src=\"http:\/\/yoganomade.net\/wp-content\/uploads\/2024\/10\/Yogadanse-1024x576.jpg\" alt=\"\" class=\"wp-image-661\" style=\"width:352px;height:auto\" srcset=\"https:\/\/yoganomade.net\/wp-content\/uploads\/2024\/10\/Yogadanse-1024x576.jpg 1024w, https:\/\/yoganomade.net\/wp-content\/uploads\/2024\/10\/Yogadanse-300x169.jpg 300w, https:\/\/yoganomade.net\/wp-content\/uploads\/2024\/10\/Yogadanse.jpg 1334w\" sizes=\"auto, (max-width: 1024px) 100vw, 1024px\" \/><\/figure>\n\n\n\n<p><strong>LE YOGA DANSE <\/strong><span style=\"font-family: -webkit-standard; font-size: medium; white-space: normal;\">est une pratique qui combine des \u00e9l\u00e9ments de yoga et de danse, cr\u00e9ant une exp\u00e9rience holistique et dynamique. Elle int\u00e8gre des postures de yoga, des mouvements fluides et des techniques de respiration synchronis\u00e9es avec la musique. Cette discipline vise \u00e0 harmoniser le corps et l&rsquo;esprit, \u00e0 d\u00e9velopper la flexibilit\u00e9, la force et la conscience corporelle, tout en permettant une expression artistique et \u00e9motionnelle.\u00a0Le YogaDanse offre une exp\u00e9rience unique pleine de cr\u00e9ativit\u00e9<\/span>.<\/p>\n\n\n\n<p><br><\/p>\n\n\n\n<figure class=\"wp-block-image size-large is-resized\"><img loading=\"lazy\" decoding=\"async\" width=\"1024\" height=\"576\" src=\"http:\/\/yoganomade.net\/wp-content\/uploads\/2024\/10\/MEDITATION-1024x576.jpg\" alt=\"\" class=\"wp-image-664\" style=\"width:351px;height:auto\" srcset=\"https:\/\/yoganomade.net\/wp-content\/uploads\/2024\/10\/MEDITATION-1024x576.jpg 1024w, https:\/\/yoganomade.net\/wp-content\/uploads\/2024\/10\/MEDITATION-300x169.jpg 300w, https:\/\/yoganomade.net\/wp-content\/uploads\/2024\/10\/MEDITATION.jpg 1334w\" sizes=\"auto, (max-width: 1024px) 100vw, 1024px\" \/><\/figure>\n\n\n\n<p><strong>LA MEDITATION<\/strong> <span style=\"font-family: -webkit-standard; font-size: medium; white-space: normal;\">\u00a0consiste en des exercices de respiration consciente et rythm\u00e9e, qui ont des effets b\u00e9n\u00e9fiques sur la sant\u00e9 et la relaxation.une pratique mentale qui consiste \u00e0 concentrer son esprit pour atteindre un \u00e9tat de calme, de clart\u00e9 et de pleine conscience. Elle peut impliquer des techniques de respiration, de visualisation ou de r\u00e9p\u00e9tition de phrases. <\/span><br><span style=\"font-family: -webkit-standard; font-size: medium; white-space: normal;\">L&rsquo;objectif est entre autres de r\u00e9duire le stress, d&rsquo;am\u00e9liorer la concentration et de favoriser un bien-\u00eatre g\u00e9n\u00e9ral.<\/span><\/p>\n\n\n\n<p><br><\/p>\n\n\n\n<figure class=\"wp-block-image size-large is-resized\"><img loading=\"lazy\" decoding=\"async\" width=\"1024\" height=\"576\" src=\"http:\/\/yoganomade.net\/wp-content\/uploads\/2024\/10\/Pranayama-1024x576.jpg\" alt=\"\" class=\"wp-image-663\" style=\"width:352px;height:auto\" srcset=\"https:\/\/yoganomade.net\/wp-content\/uploads\/2024\/10\/Pranayama-1024x576.jpg 1024w, https:\/\/yoganomade.net\/wp-content\/uploads\/2024\/10\/Pranayama-300x169.jpg 300w, https:\/\/yoganomade.net\/wp-content\/uploads\/2024\/10\/Pranayama.jpg 1334w\" sizes=\"auto, (max-width: 1024px) 100vw, 1024px\" \/><\/figure>\n\n\n\n<p><strong>LE PRANAYAMA<\/strong> <span style=\"font-family: -webkit-standard; font-size: medium; white-space: normal;\">est\u00a0est une pratique qui combine les bienfaits du yoga avec ceux de la nature. Il se d\u00e9roule en plein air, dans des environnements forestiers, permettant aux participants de se connecter avec la nature tout en pratiquant des postures de yoga. Cette approche favorise la relaxation, la r\u00e9duction du stress et une meilleure concentration. En respirant l&rsquo;air frais et en s&rsquo;immergeant dans les sons et les odeurs de la for\u00eat, les pratiquants peuvent \u00e9galement ressentir un profond sentiment de bien-\u00eatre et de revitalisation.une pratique de respiration qui vise \u00e0 contr\u00f4ler et \u00e0 r\u00e9guler le souffle. Le terme <em>\u00ab\u00a0pranayama\u00a0\u00bb <\/em>vient du sanskrit, o\u00f9 <em>\u00ab\u00a0prana\u00a0\u00bb <\/em>signifie <em>\u00ab\u00a0\u00e9nergie vitale\u00a0\u00bb<\/em> ou <em>\u00ab\u00a0souffle\u00a0\u00bb<\/em>, et <em>\u00ab\u00a0ayama\u00a0\u00bb<\/em> signifie <em>\u00ab\u00a0contr\u00f4le\u00a0\u00bb<\/em> ou <em>\u00ab\u00a0expansion\u00a0\u00bb<\/em>. Cette technique est utilis\u00e9e pour apaiser l&rsquo;esprit, am\u00e9liorer la concentration et favoriser le bien-\u00eatre physique et mental.<\/span><\/p>\n\n\n\n<p><br><\/p>\n\n\n\n<figure class=\"wp-block-image size-large is-resized\"><img loading=\"lazy\" decoding=\"async\" width=\"1024\" height=\"576\" src=\"http:\/\/yoganomade.net\/wp-content\/uploads\/2024\/10\/Yoga-foret-1024x576.jpg\" alt=\"\" class=\"wp-image-662\" style=\"width:352px;height:auto\" srcset=\"https:\/\/yoganomade.net\/wp-content\/uploads\/2024\/10\/Yoga-foret-1024x576.jpg 1024w, https:\/\/yoganomade.net\/wp-content\/uploads\/2024\/10\/Yoga-foret-300x169.jpg 300w, https:\/\/yoganomade.net\/wp-content\/uploads\/2024\/10\/Yoga-foret.jpg 1334w\" sizes=\"auto, (max-width: 1024px) 100vw, 1024px\" \/><\/figure>\n\n\n\n<p><strong>LE YOGA EN FORET<\/strong> <span style=\"font-family: -webkit-standard; font-size: medium; white-space: normal;\">\u00a0est\u00a0\u00e9galement connu sous le nom de Nuad Bo-Rarn, est une forme de massage qui combine des \u00e9l\u00e9ments de yoga, de m\u00e9ditation et d&rsquo;acupression. Originaire de Tha\u00eflande, cette pratique repose sur des techniques de manipulation du corps qui visent \u00e0 d\u00e9tendre les muscles, am\u00e9liorer la circulation sanguine et favoriser l&rsquo;\u00e9quilibre \u00e9nerg\u00e9tique.une pratique qui combine les bienfaits du yoga avec ceux de la nature. Il se d\u00e9roule en plein air, dans des environnements forestiers, permettant aux participants de se connecter avec la nature tout en pratiquant des postures de yoga. Cette approche favorise la relaxation, la r\u00e9duction du stress et une meilleure concentration. En respirant l&rsquo;air frais et en s&rsquo;immergeant dans les sons et les odeurs de la for\u00eat, les pratiquants peuvent \u00e9galement ressentir un profond sentiment de bien-\u00eatre et de revitalisation.<\/span><br><br><\/p>\n\n\n\n<figure class=\"wp-block-image size-large is-resized\"><img loading=\"lazy\" decoding=\"async\" width=\"1024\" height=\"576\" src=\"https:\/\/yoganomade.net\/wp-content\/uploads\/2024\/10\/Copie-de-Copie-de-Sans-titre-1024x576.jpg\" alt=\"\" class=\"wp-image-670\" style=\"width:361px;height:auto\" srcset=\"https:\/\/yoganomade.net\/wp-content\/uploads\/2024\/10\/Copie-de-Copie-de-Sans-titre-1024x576.jpg 1024w, https:\/\/yoganomade.net\/wp-content\/uploads\/2024\/10\/Copie-de-Copie-de-Sans-titre-300x169.jpg 300w, https:\/\/yoganomade.net\/wp-content\/uploads\/2024\/10\/Copie-de-Copie-de-Sans-titre.jpg 1334w\" sizes=\"auto, (max-width: 1024px) 100vw, 1024px\" \/><\/figure>\n\n\n\n<p><strong>LE THAI YOGA MASSAGE<\/strong>, <span style=\"font-family: -webkit-standard; font-size: medium; white-space: normal;\">\u00e9galement connu sous le nom de Nuad Bo-Rarn, est une forme de massage qui combine des \u00e9l\u00e9ments de yoga, de m\u00e9ditation et d&rsquo;acupression. Originaire de Tha\u00eflande, cette pratique repose sur des techniques de manipulation du corps qui visent \u00e0 d\u00e9tendre les muscles, am\u00e9liorer la circulation sanguine et favoriser l&rsquo;\u00e9quilibre \u00e9nerg\u00e9tique.<\/span><br><br><\/p>\n\n\n\n<figure class=\"wp-block-gallery has-nested-images columns-default is-cropped wp-block-gallery-1 is-layout-flex wp-block-gallery-is-layout-flex\">\n<figure class=\"wp-block-image size-large\"><img loading=\"lazy\" decoding=\"async\" width=\"1024\" height=\"1024\" data-id=\"44\" src=\"https:\/\/yoganomade.net\/wp-content\/uploads\/2024\/03\/5-4-1024x1024.jpg\" alt=\"\" class=\"wp-image-44\" srcset=\"https:\/\/yoganomade.net\/wp-content\/uploads\/2024\/03\/5-4-1024x1024.jpg 1024w, https:\/\/yoganomade.net\/wp-content\/uploads\/2024\/03\/5-4-300x300.jpg 300w, https:\/\/yoganomade.net\/wp-content\/uploads\/2024\/03\/5-4-150x150.jpg 150w, https:\/\/yoganomade.net\/wp-content\/uploads\/2024\/03\/5-4-768x768.jpg 768w, https:\/\/yoganomade.net\/wp-content\/uploads\/2024\/03\/5-4-1536x1536.jpg 1536w, https:\/\/yoganomade.net\/wp-content\/uploads\/2024\/03\/5-4-2048x2048.jpg 2048w\" sizes=\"auto, (max-width: 1024px) 100vw, 1024px\" \/><\/figure>\n\n\n\n<figure class=\"wp-block-image size-large\"><img loading=\"lazy\" decoding=\"async\" width=\"1024\" height=\"1024\" data-id=\"42\" src=\"https:\/\/yoganomade.net\/wp-content\/uploads\/2024\/03\/9-3-1024x1024.jpg\" alt=\"\" class=\"wp-image-42\" srcset=\"https:\/\/yoganomade.net\/wp-content\/uploads\/2024\/03\/9-3-1024x1024.jpg 1024w, https:\/\/yoganomade.net\/wp-content\/uploads\/2024\/03\/9-3-300x300.jpg 300w, https:\/\/yoganomade.net\/wp-content\/uploads\/2024\/03\/9-3-150x150.jpg 150w, https:\/\/yoganomade.net\/wp-content\/uploads\/2024\/03\/9-3-768x768.jpg 768w, https:\/\/yoganomade.net\/wp-content\/uploads\/2024\/03\/9-3-1536x1536.jpg 1536w, https:\/\/yoganomade.net\/wp-content\/uploads\/2024\/03\/9-3-2048x2048.jpg 2048w\" sizes=\"auto, (max-width: 1024px) 100vw, 1024px\" \/><\/figure>\n\n\n\n<figure class=\"wp-block-image size-large\"><img loading=\"lazy\" decoding=\"async\" width=\"1024\" height=\"1024\" data-id=\"41\" src=\"https:\/\/yoganomade.net\/wp-content\/uploads\/2024\/03\/8-3-1024x1024.jpg\" alt=\"\" class=\"wp-image-41\" srcset=\"https:\/\/yoganomade.net\/wp-content\/uploads\/2024\/03\/8-3-1024x1024.jpg 1024w, https:\/\/yoganomade.net\/wp-content\/uploads\/2024\/03\/8-3-300x300.jpg 300w, https:\/\/yoganomade.net\/wp-content\/uploads\/2024\/03\/8-3-150x150.jpg 150w, https:\/\/yoganomade.net\/wp-content\/uploads\/2024\/03\/8-3-768x768.jpg 768w, https:\/\/yoganomade.net\/wp-content\/uploads\/2024\/03\/8-3-1536x1536.jpg 1536w, https:\/\/yoganomade.net\/wp-content\/uploads\/2024\/03\/8-3-2048x2048.jpg 2048w\" sizes=\"auto, (max-width: 1024px) 100vw, 1024px\" \/><\/figure>\n\n\n\n<figure class=\"wp-block-image size-large\"><img loading=\"lazy\" decoding=\"async\" width=\"1024\" height=\"1024\" data-id=\"43\" src=\"https:\/\/yoganomade.net\/wp-content\/uploads\/2024\/03\/3-4-1024x1024.jpg\" alt=\"\" class=\"wp-image-43\" srcset=\"https:\/\/yoganomade.net\/wp-content\/uploads\/2024\/03\/3-4-1024x1024.jpg 1024w, https:\/\/yoganomade.net\/wp-content\/uploads\/2024\/03\/3-4-300x300.jpg 300w, https:\/\/yoganomade.net\/wp-content\/uploads\/2024\/03\/3-4-150x150.jpg 150w, https:\/\/yoganomade.net\/wp-content\/uploads\/2024\/03\/3-4-768x768.jpg 768w, https:\/\/yoganomade.net\/wp-content\/uploads\/2024\/03\/3-4-1536x1536.jpg 1536w, https:\/\/yoganomade.net\/wp-content\/uploads\/2024\/03\/3-4-2048x2048.jpg 2048w\" sizes=\"auto, (max-width: 1024px) 100vw, 1024px\" \/><\/figure>\n\n\n\n<figure class=\"wp-block-image size-large\"><img loading=\"lazy\" decoding=\"async\" width=\"1024\" height=\"1024\" data-id=\"51\" src=\"https:\/\/yoganomade.net\/wp-content\/uploads\/2024\/03\/7-1024x1024.jpg\" alt=\"\" class=\"wp-image-51\" srcset=\"https:\/\/yoganomade.net\/wp-content\/uploads\/2024\/03\/7-1024x1024.jpg 1024w, https:\/\/yoganomade.net\/wp-content\/uploads\/2024\/03\/7-300x300.jpg 300w, https:\/\/yoganomade.net\/wp-content\/uploads\/2024\/03\/7-150x150.jpg 150w, https:\/\/yoganomade.net\/wp-content\/uploads\/2024\/03\/7-768x768.jpg 768w, https:\/\/yoganomade.net\/wp-content\/uploads\/2024\/03\/7-1536x1536.jpg 1536w, https:\/\/yoganomade.net\/wp-content\/uploads\/2024\/03\/7-2048x2048.jpg 2048w\" sizes=\"auto, (max-width: 1024px) 100vw, 1024px\" \/><\/figure>\n\n\n\n<figure class=\"wp-block-image size-large\"><img loading=\"lazy\" decoding=\"async\" width=\"724\" height=\"1024\" data-id=\"209\" src=\"https:\/\/yoganomade.net\/wp-content\/uploads\/2024\/04\/Thai-yoga-massage-724x1024.png\" alt=\"\" class=\"wp-image-209\" srcset=\"https:\/\/yoganomade.net\/wp-content\/uploads\/2024\/04\/Thai-yoga-massage-724x1024.png 724w, https:\/\/yoganomade.net\/wp-content\/uploads\/2024\/04\/Thai-yoga-massage-212x300.png 212w, https:\/\/yoganomade.net\/wp-content\/uploads\/2024\/04\/Thai-yoga-massage.png 1414w\" sizes=\"auto, (max-width: 724px) 100vw, 724px\" \/><\/figure>\n\n\n\n<figure class=\"wp-block-image size-large\"><img loading=\"lazy\" decoding=\"async\" width=\"724\" height=\"1024\" data-id=\"211\" src=\"https:\/\/yoganomade.net\/wp-content\/uploads\/2024\/04\/2F7B0A1C-3E14-499C-BF77-C35F09153A03-724x1024.jpg\" alt=\"\" class=\"wp-image-211\" srcset=\"https:\/\/yoganomade.net\/wp-content\/uploads\/2024\/04\/2F7B0A1C-3E14-499C-BF77-C35F09153A03-724x1024.jpg 724w, https:\/\/yoganomade.net\/wp-content\/uploads\/2024\/04\/2F7B0A1C-3E14-499C-BF77-C35F09153A03-212x300.jpg 212w, https:\/\/yoganomade.net\/wp-content\/uploads\/2024\/04\/2F7B0A1C-3E14-499C-BF77-C35F09153A03.jpg 1415w\" sizes=\"auto, (max-width: 724px) 100vw, 724px\" \/><\/figure>\n<\/figure>\n","protected":false},"excerpt":{"rendered":"<p>ASTHANGA YOGA\u00a0est un style de yoga structur\u00e9 et rigoureux qui suit une s\u00e9rie de postures sp\u00e9cifiques, pratiqu\u00e9es dans un ordre pr\u00e9cis. Le terme \u00ab\u00a0Ashtanga\u00a0\u00bb signifie \u00ab\u00a0huit membres\u00a0\u00bb en sanskrit, faisant r\u00e9f\u00e9rence aux huit aspects du yoga d\u00e9crits dans les Yoga Sutras de Patanjali. L&rsquo;Ashtanga se compose de poses dynamiques et de transitions fluides effectu\u00e9es en &hellip; <\/p>\n<p class=\"link-more\"><a href=\"https:\/\/yoganomade.net\/index.php\/les-differents-types-de-cours\/\" class=\"more-link\">Lire la suite de<span class=\"screen-reader-text\">\u00ab\u00a0Les diff\u00e9rents cours\u00a0\u00bb<\/span><\/a><\/p>\n","protected":false},"author":1,"featured_media":0,"parent":0,"menu_order":0,"comment_status":"closed","ping_status":"closed","template":"","meta":{"footnotes":""},"class_list":["post-129","page","type-page","status-publish","hentry"],"_links":{"self":[{"href":"https:\/\/yoganomade.net\/index.php\/wp-json\/wp\/v2\/pages\/129","targetHints":{"allow":["GET"]}}],"collection":[{"href":"https:\/\/yoganomade.net\/index.php\/wp-json\/wp\/v2\/pages"}],"about":[{"href":"https:\/\/yoganomade.net\/index.php\/wp-json\/wp\/v2\/types\/page"}],"author":[{"embeddable":true,"href":"https:\/\/yoganomade.net\/index.php\/wp-json\/wp\/v2\/users\/1"}],"replies":[{"embeddable":true,"href":"https:\/\/yoganomade.net\/index.php\/wp-json\/wp\/v2\/comments?post=129"}],"version-history":[{"count":35,"href":"https:\/\/yoganomade.net\/index.php\/wp-json\/wp\/v2\/pages\/129\/revisions"}],"predecessor-version":[{"id":815,"href":"https:\/\/yoganomade.net\/index.php\/wp-json\/wp\/v2\/pages\/129\/revisions\/815"}],"wp:attachment":[{"href":"https:\/\/yoganomade.net\/index.php\/wp-json\/wp\/v2\/media?parent=129"}],"curies":[{"name":"wp","href":"https:\/\/api.w.org\/{rel}","templated":true}]}}