{"id":104,"date":"2024-03-31T18:51:39","date_gmt":"2024-03-31T16:51:39","guid":{"rendered":"https:\/\/yoganomade.net\/?page_id=104"},"modified":"2024-08-08T14:06:17","modified_gmt":"2024-08-08T12:06:17","slug":"avis","status":"publish","type":"page","link":"https:\/\/yoganomade.net\/index.php\/avis\/","title":{"rendered":"Avis"},"content":{"rendered":"<pre class=\"ti-widget\" style=\"display: none\"><div class=\"ti-widget ti-goog ti-disable-font ti-show-rating-text ti-review-text-mode-readmore ti-text-align-left\" data-no-translation=\"true\" data-layout-id=\"33\" data-set-id=\"light-background\" data-pid=\"\" data-language=\"en\" > <div class=\"ti-widget-container\"> <div class=\"ti-header source-Google\" > <div class=\"ti-mob-row\"> <span class=\"nowrap\"><strong>EXCELLENT<\/strong><\/span> <span class=\"ti-stars\"><span class=\"ti-star f\"><\/span><span class=\"ti-star f\"><\/span><span class=\"ti-star f\"><\/span><span class=\"ti-star f\"><\/span><span class=\"ti-star f\"><\/span><\/span> <\/div> <div class=\"ti-mob-row\"> <span class=\"nowrap\"><strong>44 reviews<\/strong> on<\/span><div class=\"ti-small-logo\"><img decoding=\"async\" src=\"https:\/\/yoganomade.net\/wp-content\/plugins\/wp-reviews-plugin-for-google\/static\/img\/platform\/logo.svg?ver=do-not-care-12.0\" alt=\"Google\"><\/div> <\/div> <\/div> <div class=\"ti-reviews-container\"> <div class=\"ti-reviews-container-wrapper\">  <div data-empty=\"0\" class=\"ti-review-item source-Google\" > <div class=\"ti-inner\"> <div class=\"ti-review-header\"> <div class=\"ti-profile-img\"> <img decoding=\"async\" src=\"https:\/\/lh3.googleusercontent.com\/a\/ACg8ocIC9dM0bcGMZgbAIZQqMl-an_N63ZY493IoHm4xYqDkJkFE7Q=s120-c-rp-mo-br100\" alt=\"Muriel Botti-Ballinger\" \/> <\/div> <div class=\"ti-profile-details\"> <div class=\"ti-name\"> Muriel Botti-Ballinger <\/div> <div class=\"ti-date\">23 July 2024<\/div> <\/div> <\/div> <span class=\"ti-stars\"><span class=\"ti-star f\"><\/span><span class=\"ti-star f\"><\/span><span class=\"ti-star f\"><\/span><span class=\"ti-star f\"><\/span><span class=\"ti-star f\"><\/span><\/span> <div class=\"ti-review-content\"> <div class=\"ti-review-text-container ti-inner\"><!-- R-CONTENT -->Merci beaucoup Christine pour le partage de ton univers et de tes experiences. J\u2019ai particip\u00e9 \u00e0 sept cours de Yoga au lever du soleil debut juillet et j\u2019ai ador\u00e9!!! C\u2019\u00e9tait magnifique, je n\u2019ai qu\u2019une envie recommencer!!!!<!-- R-CONTENT --><\/div> <span class=\"ti-read-more\" data-container=\".ti-review-content .ti-inner\" data-collapse-text=\"Hide\" data-open-text=\"Read more\" ><\/span> <\/div> <\/div> <\/div>  <div data-empty=\"0\" class=\"ti-review-item source-Google\" > <div class=\"ti-inner\"> <div class=\"ti-review-header\"> <div class=\"ti-profile-img\"> <img decoding=\"async\" src=\"https:\/\/lh3.googleusercontent.com\/a\/ACg8ocLZ06wQkfA_v8uTD0INeRaK9UERDTShwKyzqZZyIwZ-vk2HOQ=s120-c-rp-mo-br100\" alt=\"Caroline ARMINANTE\" \/> <\/div> <div class=\"ti-profile-details\"> <div class=\"ti-name\"> Caroline ARMINANTE <\/div> <div class=\"ti-date\">10 July 2024<\/div> <\/div> <\/div> <span class=\"ti-stars\"><span class=\"ti-star f\"><\/span><span class=\"ti-star f\"><\/span><span class=\"ti-star f\"><\/span><span class=\"ti-star f\"><\/span><span class=\"ti-star f\"><\/span><\/span> <div class=\"ti-review-content\"> <div class=\"ti-review-text-container ti-inner\"><!-- R-CONTENT -->Je viens de participer \u00e0 7 s\u00e9ances de yoga matinal de 6h \u00e0 7h. Magnifique exp\u00e9rience que je recommande \u00e0 tous! Christine est une prof d\u00e9vou\u00e9e, accomplie, engag\u00e9e, exp\u00e9riment\u00e9e et d'une extr\u00eame g\u00e9n\u00e9rosit\u00e9. Je lui suis tr\u00e8s reconnaissante pour ces belles s\u00e9ances remplies de joie, de bonne humeur, de travail et de cheminement intense.\nMerci!\ud83d\ude4f\ud83c\udf08<!-- R-CONTENT --><\/div> <span class=\"ti-read-more\" data-container=\".ti-review-content .ti-inner\" data-collapse-text=\"Hide\" data-open-text=\"Read more\" ><\/span> <\/div> <\/div> <\/div>  <div data-empty=\"0\" class=\"ti-review-item source-Google\" > <div class=\"ti-inner\"> <div class=\"ti-review-header\"> <div class=\"ti-profile-img\"> <img decoding=\"async\" src=\"https:\/\/lh3.googleusercontent.com\/a\/ACg8ocLWrITunR6HMvDt3BDKd42gM-pjvpYDeaUP8lqjVR30xZI3Sg=s120-c-rp-mo-br100\" alt=\"Nathalie Simon\" \/> <\/div> <div class=\"ti-profile-details\"> <div class=\"ti-name\"> Nathalie Simon <\/div> <div class=\"ti-date\">9 July 2024<\/div> <\/div> <\/div> <span class=\"ti-stars\"><span class=\"ti-star f\"><\/span><span class=\"ti-star f\"><\/span><span class=\"ti-star f\"><\/span><span class=\"ti-star f\"><\/span><span class=\"ti-star f\"><\/span><\/span> <div class=\"ti-review-content\"> <div class=\"ti-review-text-container ti-inner\"><!-- R-CONTENT -->Tr\u00e8s belle semaine de yoga Ashtanga pratiqu\u00e9 le matin de 6h \u00e0 7h. Agr\u00e9able, ressour\u00e7ante, comme une parenth\u00e8se hors du temps. Christine nous accompagne avec beaucoup de bienveillance et de belles d\u00e9couvertes. Que du bonheur. Je recommande......<!-- R-CONTENT --><\/div> <span class=\"ti-read-more\" data-container=\".ti-review-content .ti-inner\" data-collapse-text=\"Hide\" data-open-text=\"Read more\" ><\/span> <\/div> <\/div> <\/div>  <div data-empty=\"0\" class=\"ti-review-item source-Google\" > <div class=\"ti-inner\"> <div class=\"ti-review-header\"> <div class=\"ti-profile-img\"> <img decoding=\"async\" src=\"https:\/\/lh3.googleusercontent.com\/a\/ACg8ocJzpRoq3u-KblQ8KgziXCd9EIDFt1ErTHS4Ud3gpfC_jxa1qQ=s120-c-rp-mo-br100\" alt=\"C\u00e9lia J\" \/> <\/div> <div class=\"ti-profile-details\"> <div class=\"ti-name\"> C\u00e9lia J <\/div> <div class=\"ti-date\">9 July 2024<\/div> <\/div> <\/div> <span class=\"ti-stars\"><span class=\"ti-star f\"><\/span><span class=\"ti-star f\"><\/span><span class=\"ti-star f\"><\/span><span class=\"ti-star f\"><\/span><span class=\"ti-star f\"><\/span><\/span> <div class=\"ti-review-content\"> <div class=\"ti-review-text-container ti-inner\"><!-- R-CONTENT -->Exp\u00e9rience exceptionnelle que ce stage de  7 cours d\u2019Ashtanga au lever du soleil.\nUn vrai moment de d\u00e9couverte de soi, encadr\u00e9 par Christine, aussi motivante que bienveillante.\nJe recommande!!!<!-- R-CONTENT --><\/div> <span class=\"ti-read-more\" data-container=\".ti-review-content .ti-inner\" data-collapse-text=\"Hide\" data-open-text=\"Read more\" ><\/span> <\/div> <\/div> <\/div>  <div data-empty=\"0\" class=\"ti-review-item source-Google\" > <div class=\"ti-inner\"> <div class=\"ti-review-header\"> <div class=\"ti-profile-img\"> <img decoding=\"async\" src=\"https:\/\/lh3.googleusercontent.com\/a\/ACg8ocLEvd0SSYbJOrZXvPksKRFru658Yi365DO5HZndG0wKFicL7A=s120-c-rp-mo-br100\" alt=\"Charlotte HUFFLING\" \/> <\/div> <div class=\"ti-profile-details\"> <div class=\"ti-name\"> Charlotte HUFFLING <\/div> <div class=\"ti-date\">17 June 2024<\/div> <\/div> <\/div> <span class=\"ti-stars\"><span class=\"ti-star f\"><\/span><span class=\"ti-star f\"><\/span><span class=\"ti-star f\"><\/span><span class=\"ti-star f\"><\/span><span class=\"ti-star f\"><\/span><\/span> <div class=\"ti-review-content\"> <div class=\"ti-review-text-container ti-inner\"><!-- R-CONTENT -->Le cours de yoga de Christine fait partie de mon quotidien. C'est ma petite bulle de douceur et de s\u00e9r\u00e9nit\u00e9. Elle elle arrive \u00e0 nous cr\u00e9er une petite bulle de s\u00e9r\u00e9nit\u00e9.\n\nElle est \u00e9galement tr\u00e8s professionnelle car les postures sont toujours bien corrig\u00e9es et les mouvements adapt\u00e9s au niveau de chacun.\n\nBref, je ne peux plus m'en passer!<!-- R-CONTENT --><\/div> <span class=\"ti-read-more\" data-container=\".ti-review-content .ti-inner\" data-collapse-text=\"Hide\" data-open-text=\"Read more\" ><\/span> <\/div> <\/div> <\/div>  <div data-empty=\"0\" class=\"ti-review-item source-Google\" > <div class=\"ti-inner\"> <div class=\"ti-review-header\"> <div class=\"ti-profile-img\"> <img decoding=\"async\" src=\"https:\/\/lh3.googleusercontent.com\/a\/ACg8ocLGjH0A9u9nHjglSC4nQanHbC6oJF5Oko9Vwdl79zH6mLVEQA=s120-c-rp-mo-br100\" alt=\"Elisabeth Darbellay\" \/> <\/div> <div class=\"ti-profile-details\"> <div class=\"ti-name\"> Elisabeth Darbellay <\/div> <div class=\"ti-date\">2 June 2024<\/div> <\/div> <\/div> <span class=\"ti-stars\"><span class=\"ti-star f\"><\/span><span class=\"ti-star f\"><\/span><span class=\"ti-star f\"><\/span><span class=\"ti-star f\"><\/span><span class=\"ti-star f\"><\/span><\/span> <div class=\"ti-review-content\"> <div class=\"ti-review-text-container ti-inner\"><!-- R-CONTENT -->Chris est une femme solaire. Son sourire et ce qu\u2019elle d\u00e9gage racontent d\u00e9j\u00e0 sa philosophie de vie. J\u2019ai eu la chance de recevoir un tha\u00ef yoga massage, une exp\u00e9rience que je recommande vivement. C\u2019est vraiment plus qu\u2019un simple massage, un v\u00e9ritable voyage holistique. Chris instaure un climat de confiance et nous embarque dans son art subtil du massage sur futon. Elle ma\u00eetrise le langage du corps et fusionne dans son approche toutes ses comp\u00e9tences. Il ne reste plus qu\u2019\u00e0 se laisser emporter. Je me r\u00e9jouis de poursuivre des soins avec elle.<!-- R-CONTENT --><\/div> <span class=\"ti-read-more\" data-container=\".ti-review-content .ti-inner\" data-collapse-text=\"Hide\" data-open-text=\"Read more\" ><\/span> <\/div> <\/div> <\/div>  <div data-empty=\"0\" class=\"ti-review-item source-Google\" > <div class=\"ti-inner\"> <div class=\"ti-review-header\"> <div class=\"ti-profile-img\"> <img decoding=\"async\" src=\"https:\/\/lh3.googleusercontent.com\/a\/ACg8ocLK8OmxIXjERHOtD8hOwNDSA81jhRBhQEq9JSwO6E4NdgkFyA=s120-c-rp-mo-br100\" alt=\"Isabelle MORITZ\" \/> <\/div> <div class=\"ti-profile-details\"> <div class=\"ti-name\"> Isabelle MORITZ <\/div> <div class=\"ti-date\">22 May 2024<\/div> <\/div> <\/div> <span class=\"ti-stars\"><span class=\"ti-star f\"><\/span><span class=\"ti-star f\"><\/span><span class=\"ti-star f\"><\/span><span class=\"ti-star f\"><\/span><span class=\"ti-star f\"><\/span><\/span> <div class=\"ti-review-content\"> <div class=\"ti-review-text-container ti-inner\"><!-- R-CONTENT -->La pratique du yoga comprend le corps, l\u2019esprit et l\u2019\u00e2me.\nPratiquez et le reste viendra\nMerci Christine<!-- R-CONTENT --><\/div> <span class=\"ti-read-more\" data-container=\".ti-review-content .ti-inner\" data-collapse-text=\"Hide\" data-open-text=\"Read more\" ><\/span> <\/div> <\/div> <\/div>  <div data-empty=\"0\" class=\"ti-review-item source-Google\" > <div class=\"ti-inner\"> <div class=\"ti-review-header\"> <div class=\"ti-profile-img\"> <img decoding=\"async\" src=\"https:\/\/lh3.googleusercontent.com\/a\/ACg8ocKdMcqmtHDi9LEyJ0NMRWZ93Q_YqdNCdMcN1SJwfjOr-_gIxA=s120-c-rp-mo-br100\" alt=\"Luc TASSINARI\" \/> <\/div> <div class=\"ti-profile-details\"> <div class=\"ti-name\"> Luc TASSINARI <\/div> <div class=\"ti-date\">21 May 2024<\/div> <\/div> <\/div> <span class=\"ti-stars\"><span class=\"ti-star f\"><\/span><span class=\"ti-star f\"><\/span><span class=\"ti-star f\"><\/span><span class=\"ti-star f\"><\/span><span class=\"ti-star f\"><\/span><\/span> <div class=\"ti-review-content\"> <div class=\"ti-review-text-container ti-inner\"><!-- R-CONTENT -->Les cours de Christine sont tr\u00e8s agr\u00e9ables et on en sort d\u00e9tendus, merci \u00e0 elle.<!-- R-CONTENT --><\/div> <span class=\"ti-read-more\" data-container=\".ti-review-content .ti-inner\" data-collapse-text=\"Hide\" data-open-text=\"Read more\" ><\/span> <\/div> <\/div> <\/div>  <div data-empty=\"0\" class=\"ti-review-item source-Google\" > <div class=\"ti-inner\"> <div class=\"ti-review-header\"> <div class=\"ti-profile-img\"> <img decoding=\"async\" src=\"https:\/\/lh3.googleusercontent.com\/a\/ACg8ocKeM6BAl0gc7RDAPTIX2StlghMGCcZhg1B00fehAY_Am8ifFw=s120-c-rp-mo-br100\" alt=\"anne marie tapiero\" \/> <\/div> <div class=\"ti-profile-details\"> <div class=\"ti-name\"> anne marie tapiero <\/div> <div class=\"ti-date\">14 May 2024<\/div> <\/div> <\/div> <span class=\"ti-stars\"><span class=\"ti-star f\"><\/span><span class=\"ti-star f\"><\/span><span class=\"ti-star f\"><\/span><span class=\"ti-star f\"><\/span><span class=\"ti-star f\"><\/span><\/span> <div class=\"ti-review-content\"> <div class=\"ti-review-text-container ti-inner\"><!-- R-CONTENT -->Des cours pour tous les nivaux une prof a l\u2019\u00e9coute de ses \u00e9l\u00e8ves.\nL\u2019organisation de retraites de yoga aux programmes intenses et passionnants (progr\u00e8s assur\u00e9s !) de yoga en for\u00eat ou au lever du soleil.\nBref tout est TOP !<!-- R-CONTENT --><\/div> <span class=\"ti-read-more\" data-container=\".ti-review-content .ti-inner\" data-collapse-text=\"Hide\" data-open-text=\"Read more\" ><\/span> <\/div> <\/div> <\/div>  <div data-empty=\"0\" class=\"ti-review-item source-Google\" > <div class=\"ti-inner\"> <div class=\"ti-review-header\"> <div class=\"ti-profile-img\"> <img decoding=\"async\" src=\"https:\/\/lh3.googleusercontent.com\/a-\/ALV-UjVEMfxwPr8IVbTkHhBvyyX5anhjhD0YdcArhzBrtK3QTSjsU8Q=s120-c-rp-mo-br100\" alt=\"Barbora Dauzere\" \/> <\/div> <div class=\"ti-profile-details\"> <div class=\"ti-name\"> Barbora Dauzere <\/div> <div class=\"ti-date\">13 May 2024<\/div> <\/div> <\/div> <span class=\"ti-stars\"><span class=\"ti-star f\"><\/span><span class=\"ti-star f\"><\/span><span class=\"ti-star f\"><\/span><span class=\"ti-star f\"><\/span><span class=\"ti-star f\"><\/span><\/span> <div class=\"ti-review-content\"> <div class=\"ti-review-text-container ti-inner\"><!-- R-CONTENT -->I love course of yoga with Christine,  she is an excellent teacher, passionate, positive and patient. Each lesson is different and I feel I always learn something new, which encourages and motivates me to make progress.<!-- R-CONTENT --><\/div> <span class=\"ti-read-more\" data-container=\".ti-review-content .ti-inner\" data-collapse-text=\"Hide\" data-open-text=\"Read more\" ><\/span> <\/div> <\/div> <\/div>  <\/div> <div class=\"ti-load-more-reviews-container\"> <div class=\"ti-load-more-reviews-button\" style=\"display: none\">Load more<\/div> <\/div> <\/div>  <\/div> <\/div> <\/pre>\n","protected":false},"excerpt":{"rendered":"","protected":false},"author":1,"featured_media":0,"parent":0,"menu_order":0,"comment_status":"closed","ping_status":"closed","template":"","meta":{"footnotes":""},"class_list":["post-104","page","type-page","status-publish","hentry"],"_links":{"self":[{"href":"https:\/\/yoganomade.net\/index.php\/wp-json\/wp\/v2\/pages\/104","targetHints":{"allow":["GET"]}}],"collection":[{"href":"https:\/\/yoganomade.net\/index.php\/wp-json\/wp\/v2\/pages"}],"about":[{"href":"https:\/\/yoganomade.net\/index.php\/wp-json\/wp\/v2\/types\/page"}],"author":[{"embeddable":true,"href":"https:\/\/yoganomade.net\/index.php\/wp-json\/wp\/v2\/users\/1"}],"replies":[{"embeddable":true,"href":"https:\/\/yoganomade.net\/index.php\/wp-json\/wp\/v2\/comments?post=104"}],"version-history":[{"count":5,"href":"https:\/\/yoganomade.net\/index.php\/wp-json\/wp\/v2\/pages\/104\/revisions"}],"predecessor-version":[{"id":565,"href":"https:\/\/yoganomade.net\/index.php\/wp-json\/wp\/v2\/pages\/104\/revisions\/565"}],"wp:attachment":[{"href":"https:\/\/yoganomade.net\/index.php\/wp-json\/wp\/v2\/media?parent=104"}],"curies":[{"name":"wp","href":"https:\/\/api.w.org\/{rel}","templated":true}]}}